{"id":1252,"date":"2026-03-09T08:52:56","date_gmt":"2026-03-09T11:52:56","guid":{"rendered":"https:\/\/dottradeintelligence.com\/about\/"},"modified":"2026-03-26T08:46:09","modified_gmt":"2026-03-26T11:46:09","slug":"sobre","status":"publish","type":"page","link":"https:\/\/dottradeintelligence.com\/en\/sobre\/","title":{"rendered":"DOT &#8211; Sobre"},"content":{"rendered":"<div class=\"wp-block-uagb-container uagb-block-333e4e72 alignfull uagb-is-root-container\"><div class=\"uagb-container-inner-blocks-wrap\">\n<div class=\"wp-block-uagb-advanced-heading uagb-block-64eea43d\"><h1 class=\"uagb-heading-text\">Trade Intelligence<\/h1><p class=\"uagb-desc-text\">We help companies structure and execute international operations with intelligence, analysis, and operational discipline.<\/p><\/div>\n<\/div><\/div>\n\n\n\n<div class=\"wp-block-uagb-container uagb-block-acf14002 alignfull uagb-is-root-container\"><div class=\"uagb-container-inner-blocks-wrap\">\n<div class=\"wp-block-uagb-container uagb-block-8fc90048\">\n<div class=\"wp-block-uagb-advanced-heading uagb-block-f6b962f5\"><h2 class=\"uagb-heading-text\">Your partner in foreign trade solutions<\/h2><\/div>\n\n\n\n<div class=\"wp-block-uagb-advanced-heading uagb-block-7ad4e7ef\"><p class=\"uagb-heading-text\"><bdo lang=\"en\" dir=\"ltr\">We provide strategic structuring for international trade operations, integrating supplier intelligence, tax planning, and logistics execution to turn imports into clearer, more efficient, and more predictable decisions.<\/bdo><\/p><\/div>\n<\/div>\n\n\n\n<div class=\"wp-block-uagb-container uagb-block-a1e8dd27\">\n<div class=\"wp-block-uagb-image alignleft uagb-block-2de7ccdf wp-block-uagb-image--layout-default wp-block-uagb-image--effect-static wp-block-uagb-image--align-left\"><figure class=\"wp-block-uagb-image__figure\"><img decoding=\"async\" srcset=\"https:\/\/dottradeintelligence.com\/wp-content\/uploads\/2026\/03\/pexels-photo-1427107.jpeg ,https:\/\/dottradeintelligence.com\/wp-content\/uploads\/2026\/03\/pexels-photo-1427107.jpeg 780w, https:\/\/dottradeintelligence.com\/wp-content\/uploads\/2026\/03\/pexels-photo-1427107.jpeg 360w\" sizes=\"auto, (max-width: 480px) 150px\" src=\"https:\/\/dottradeintelligence.com\/wp-content\/uploads\/2026\/03\/pexels-photo-1427107.jpeg\" alt=\"Top view of colorful shipping containers at a bustling port in Jakarta, Indonesia.\" class=\"uag-image-30\" width=\"1200\" height=\"500\" title=\"DOT - Sobre\" loading=\"lazy\" role=\"img\"><\/figure><\/div>\n<\/div>\n<\/div><\/div>\n\n\n\n<div class=\"wp-block-uagb-container uagb-block-ee98f31d alignfull uagb-is-root-container\"><div class=\"uagb-container-inner-blocks-wrap\">\n<div class=\"wp-block-uagb-container uagb-block-e1f1c66f\">\n<div class=\"wp-block-uagb-advanced-heading uagb-block-ce911726\"><h2 class=\"uagb-heading-text\">Transforming the import process through strategic solutions<\/h2><\/div>\n<\/div>\n\n\n\n<div class=\"wp-block-uagb-container uagb-block-090a4798\">\n<div class=\"wp-block-uagb-advanced-heading uagb-block-ad027dbe\"><p class=\"uagb-heading-text\">We structure international operations through applied intelligence across multiple fronts, from tax analysis and supplier negotiations to trade agreements and logistics planning, with the goal of reducing total import costs and bringing greater clarity and strategic discipline to every decision.<\/p><\/div>\n\n\n\n<div class=\"wp-block-uagb-container uagb-block-43834666\">\n<div class=\"wp-block-uagb-advanced-heading uagb-block-75113c35\"><div class=\"uagb-heading-text\">Applied Intelligence<\/div><p class=\"uagb-desc-text\">At DOT, decisions are guided by structured analysis and a strategic reading of each operation. We integrate supplier information, trade agreements, tax structure, and logistics to support clearer, well-grounded decisions.<\/p><\/div>\n\n\n\n<div class=\"wp-block-uagb-advanced-heading uagb-block-020c063a\"><div class=\"uagb-heading-text\">Responsible Execution<\/div><p class=\"uagb-desc-text\">Planning only creates value when it is properly executed. We lead each operation with discipline, cross-functional coordination, and close attention to the details that ensure security and consistency throughout international execution.<\/p><\/div>\n<\/div>\n<\/div>\n<\/div><\/div>\n\n\n\n<div class=\"wp-block-uagb-container uagb-block-1fc9ebe2 alignfull uagb-is-root-container\"><div class=\"uagb-container-inner-blocks-wrap\">\n<div class=\"wp-block-uagb-info-box uagb-block-925f9c72 uagb-infobox__content-wrap  uagb-infobox-icon-above-title uagb-infobox-image-valign-top\"><div class=\"uagb-ifb-content\"><div class=\"uagb-ifb-title-wrap\"><h2 class=\"uagb-ifb-title\">Start your global journey<\/h2><\/div><p class=\"uagb-ifb-desc\">Find our the solutions tailored to your business.<\/p><div class=\"uagb-ifb-button-wrapper wp-block-button\"><a href=\"\/en\/contact\/\" class=\"uagb-infobox-cta-link wp-block-button__link\" target=\"_self\" rel=\"noopener noreferrer\" onclick=\"return true;\"><span class=\"uagb-inline-editing\">Learn more!<\/span><\/a><\/div><\/div><\/div>\n<\/div><\/div>","protected":false},"excerpt":{"rendered":"<p>Trade Intelligence Ajudamos empresas a estruturar e executar opera\u00e7\u00f5es internacionais com intelig\u00eancia, an\u00e1lise e disciplina operacional. a sua parceira em [&hellip;]<\/p>\n","protected":false},"author":1,"featured_media":0,"parent":0,"menu_order":0,"comment_status":"closed","ping_status":"closed","template":"","meta":{"_uag_custom_page_level_css":"","site-sidebar-layout":"no-sidebar","site-content-layout":"","ast-site-content-layout":"normal-width-container","site-content-style":"default","site-sidebar-style":"default","ast-global-header-display":"","ast-banner-title-visibility":"","ast-main-header-display":"","ast-hfb-above-header-display":"","ast-hfb-below-header-display":"","ast-hfb-mobile-header-display":"","site-post-title":"disabled","ast-breadcrumbs-content":"","ast-featured-img":"","footer-sml-layout":"","ast-disable-related-posts":"","theme-transparent-header-meta":"","adv-header-id-meta":"","stick-header-meta":"","header-above-stick-meta":"","header-main-stick-meta":"","header-below-stick-meta":"","astra-migrate-meta-layouts":"default","ast-page-background-enabled":"default","ast-page-background-meta":{"desktop":{"background-color":"var(--ast-global-color-4)","background-image":"","background-repeat":"repeat","background-position":"center center","background-size":"auto","background-attachment":"scroll","background-type":"","background-media":"","overlay-type":"","overlay-color":"","overlay-opacity":"","overlay-gradient":""},"tablet":{"background-color":"","background-image":"","background-repeat":"repeat","background-position":"center center","background-size":"auto","background-attachment":"scroll","background-type":"","background-media":"","overlay-type":"","overlay-color":"","overlay-opacity":"","overlay-gradient":""},"mobile":{"background-color":"","background-image":"","background-repeat":"repeat","background-position":"center center","background-size":"auto","background-attachment":"scroll","background-type":"","background-media":"","overlay-type":"","overlay-color":"","overlay-opacity":"","overlay-gradient":""}},"ast-content-background-meta":{"desktop":{"background-color":"var(--ast-global-color-5)","background-image":"","background-repeat":"repeat","background-position":"center center","background-size":"auto","background-attachment":"scroll","background-type":"","background-media":"","overlay-type":"","overlay-color":"","overlay-opacity":"","overlay-gradient":""},"tablet":{"background-color":"var(--ast-global-color-5)","background-image":"","background-repeat":"repeat","background-position":"center center","background-size":"auto","background-attachment":"scroll","background-type":"","background-media":"","overlay-type":"","overlay-color":"","overlay-opacity":"","overlay-gradient":""},"mobile":{"background-color":"var(--ast-global-color-5)","background-image":"","background-repeat":"repeat","background-position":"center center","background-size":"auto","background-attachment":"scroll","background-type":"","background-media":"","overlay-type":"","overlay-color":"","overlay-opacity":"","overlay-gradient":""}},"footnotes":""},"class_list":["post-1252","page","type-page","status-publish","hentry"],"uagb_featured_image_src":{"full":false,"thumbnail":false,"medium":false,"medium_large":false,"large":false,"1536x1536":false,"2048x2048":false,"trp-custom-language-flag":false},"uagb_author_info":{"display_name":"dottradeintelligence","author_link":"https:\/\/dottradeintelligence.com\/en\/author\/dottradeintelligence\/"},"uagb_comment_info":0,"uagb_excerpt":"Trade Intelligence Ajudamos empresas a estruturar e executar opera\u00e7\u00f5es internacionais com intelig\u00eancia, an\u00e1lise e disciplina operacional. a sua parceira em [&hellip;]","_links":{"self":[{"href":"https:\/\/dottradeintelligence.com\/en\/wp-json\/wp\/v2\/pages\/1252","targetHints":{"allow":["GET"]}}],"collection":[{"href":"https:\/\/dottradeintelligence.com\/en\/wp-json\/wp\/v2\/pages"}],"about":[{"href":"https:\/\/dottradeintelligence.com\/en\/wp-json\/wp\/v2\/types\/page"}],"author":[{"embeddable":true,"href":"https:\/\/dottradeintelligence.com\/en\/wp-json\/wp\/v2\/users\/1"}],"replies":[{"embeddable":true,"href":"https:\/\/dottradeintelligence.com\/en\/wp-json\/wp\/v2\/comments?post=1252"}],"version-history":[{"count":7,"href":"https:\/\/dottradeintelligence.com\/en\/wp-json\/wp\/v2\/pages\/1252\/revisions"}],"predecessor-version":[{"id":1495,"href":"https:\/\/dottradeintelligence.com\/en\/wp-json\/wp\/v2\/pages\/1252\/revisions\/1495"}],"wp:attachment":[{"href":"https:\/\/dottradeintelligence.com\/en\/wp-json\/wp\/v2\/media?parent=1252"}],"curies":[{"name":"wp","href":"https:\/\/api.w.org\/{rel}","templated":true}]}}