{"id":1250,"date":"2026-03-09T08:52:54","date_gmt":"2026-03-09T11:52:54","guid":{"rendered":"https:\/\/dottradeintelligence.com\/home\/"},"modified":"2026-03-30T10:29:05","modified_gmt":"2026-03-30T13:29:05","slug":"pagina-inicial","status":"publish","type":"page","link":"https:\/\/dottradeintelligence.com\/en\/","title":{"rendered":"DOT &#8211; P\u00e1gina inicial"},"content":{"rendered":"<div class=\"wp-block-group alignfull is-layout-constrained wp-block-group-is-layout-constrained\">\n<div class=\"wp-block-uagb-container uagb-block-38ea0276 alignfull uagb-is-root-container\"><div class=\"uagb-container-inner-blocks-wrap\">\n<div class=\"wp-block-uagb-info-box uagb-block-089322a6 uagb-infobox__content-wrap  uagb-infobox-icon-above-title uagb-infobox-image-valign-top\"><div class=\"uagb-ifb-content\"><div class=\"uagb-ifb-title-wrap\"><h1 class=\"uagb-ifb-title\">Clarity and intelligence for global operations<\/h1><\/div><p class=\"uagb-ifb-desc\">We connect market intelligence, international negotiation, and operational structure to transform imports into strategic decisions for your company.<\/p><div class=\"uagb-ifb-button-wrapper wp-block-button\"><a href=\"https:\/\/api.whatsapp.com\/send\/?phone=%2B5541985374304&amp;text&amp;type=phone_number&amp;app_absent=0\" class=\"uagb-infobox-cta-link wp-block-button__link\" target=\"_blank\" rel=\"noopener noreferrer\" onclick=\"return true;\"><span class=\"uagb-inline-editing\">Talk to a specialist!<\/span><\/a><\/div><\/div><\/div>\n<\/div><\/div>\n<\/div>\n\n\n\n<div class=\"wp-block-uagb-container uagb-block-e25063bb alignfull uagb-is-root-container\"><div class=\"uagb-container-inner-blocks-wrap\">\n<div class=\"wp-block-uagb-container uagb-block-2b2225ce\">\n<div class=\"wp-block-uagb-info-box uagb-block-bbffce70 uagb-infobox__content-wrap  uagb-infobox-icon-above-title uagb-infobox-image-valign-top\"><div class=\"uagb-ifb-content\"><div class=\"uagb-ifb-title-wrap\"><h2 class=\"uagb-ifb-title\"><strong>Our journey in intelligence for international trade<\/strong><br><\/h2><\/div><p class=\"uagb-ifb-desc\">With a team boasting decades of experience in international trade, we've built an approach based on analysis, clarity, and responsible execution. We connect global suppliers, tax structures, and international logistics to transform import operations into strategic decisions.<\/p><\/div><\/div>\n\n\n\n<div class=\"wp-block-uagb-buttons uagb-buttons__outer-wrap uagb-btn__default-btn uagb-btn-tablet__default-btn uagb-btn-mobile__default-btn uagb-block-e3983eec\"><div class=\"uagb-buttons__wrap uagb-buttons-layout-wrap\">\n<div class=\"wp-block-uagb-buttons-child uagb-buttons__outer-wrap uagb-block-e8884b22 wp-block-button\"><div class=\"uagb-button__wrapper\"><a class=\"uagb-buttons-repeater wp-block-button__link\" aria-label=\"\" href=\"\/en\/sobre\/\" rel=\"follow noopener\" target=\"_self\" role=\"button\"><div class=\"uagb-button__link\">Learn more!<\/div><\/a><\/div><\/div>\n<\/div><\/div>\n<\/div>\n\n\n\n<div class=\"wp-block-uagb-container uagb-block-ed8202e9\">\n<div class=\"wp-block-uagb-image uagb-block-6a83f5e8 wp-block-uagb-image--layout-default wp-block-uagb-image--effect-static wp-block-uagb-image--align-none alignleft\"><figure class=\"wp-block-uagb-image__figure\"><img decoding=\"async\" srcset=\"https:\/\/dottradeintelligence.com\/wp-content\/uploads\/2026\/03\/global-trade-representation-stockcake.webp ,https:\/\/dottradeintelligence.com\/wp-content\/uploads\/2026\/03\/global-trade-representation-stockcake.webp 780w, https:\/\/dottradeintelligence.com\/wp-content\/uploads\/2026\/03\/global-trade-representation-stockcake.webp 360w\" sizes=\"auto, (max-width: 480px) 150px\" src=\"https:\/\/dottradeintelligence.com\/wp-content\/uploads\/2026\/03\/global-trade-representation-stockcake.webp\" alt=\"global trade representation stockcake\" class=\"uag-image-1508\" width=\"574\" height=\"480\" title=\"global trade representation stockcake\" loading=\"lazy\" role=\"img\"\/><\/figure><\/div>\n<\/div>\n<\/div><\/div>\n\n\n\n<div class=\"wp-block-uagb-container uagb-block-ed67dc62 alignfull uagb-is-root-container\"><div class=\"uagb-container-inner-blocks-wrap\">\n<div class=\"wp-block-uagb-advanced-heading uagb-block-f92e4313\"><h2 class=\"uagb-heading-text\">Integrated solutions for global trade.<\/h2><\/div>\n\n\n\n<div class=\"wp-block-uagb-container uagb-block-01c648b1\">\n<div class=\"wp-block-uagb-container uagb-block-8a2c7a18\">\n<figure class=\"wp-block-image size-full alignleft\"><img loading=\"lazy\" decoding=\"async\" width=\"996\" height=\"664\" src=\"https:\/\/dottradeintelligence.com\/wp-content\/uploads\/2026\/03\/2v5f9c7a-1.png\" alt=\"2v5f9c7a\" class=\"wp-image-1521\" title=\"DOT - P\u00e1gina inicial\" srcset=\"https:\/\/dottradeintelligence.com\/wp-content\/uploads\/2026\/03\/2v5f9c7a-1.png 996w, https:\/\/dottradeintelligence.com\/wp-content\/uploads\/2026\/03\/2v5f9c7a-1-300x200.png 300w, https:\/\/dottradeintelligence.com\/wp-content\/uploads\/2026\/03\/2v5f9c7a-1-768x512.png 768w\" sizes=\"auto, (max-width: 996px) 100vw, 996px\" \/><\/figure>\n\n\n\n<div class=\"wp-block-uagb-info-box uagb-block-774ff371 uagb-infobox__content-wrap  uagb-infobox-icon-above-title uagb-infobox-image-valign-top\"><div class=\"uagb-ifb-content\"><div class=\"uagb-ifb-title-wrap\"><h3 class=\"uagb-ifb-title\">INTERNATIONAL SOURCING<\/h3><\/div><p class=\"uagb-ifb-desc\">We connect your company with global suppliers through a more strategic, secure, and commercially driven approach. We identify opportunities that truly make sense for your business, balancing cost, quality, and operational feasibility.<\/p><div class=\"uagb-ifb-button-wrapper wp-block-button\"><a href=\"\/en\/services\/\" class=\"uagb-infobox-cta-link wp-block-button__link\" target=\"_self\" rel=\"noopener noreferrer\" onclick=\"return true;\"><span class=\"uagb-inline-editing\">Learn more<\/span><svg xmlns=\"https:\/\/www.w3.org\/2000\/svg\" viewbox=\"0 0 448 512\"><path d=\"M438.6 278.6l-160 160C272.4 444.9 264.2 448 256 448s-16.38-3.125-22.62-9.375c-12.5-12.5-12.5-32.75 0-45.25L338.8 288H32C14.33 288 .0016 273.7 .0016 256S14.33 224 32 224h306.8l-105.4-105.4c-12.5-12.5-12.5-32.75 0-45.25s32.75-12.5 45.25 0l160 160C451.1 245.9 451.1 266.1 438.6 278.6z\"><\/path><\/svg><\/a><\/div><\/div><\/div>\n<\/div>\n\n\n\n<div class=\"wp-block-uagb-container uagb-block-7c931235\">\n<div class=\"wp-block-uagb-image alignleft uagb-block-7e7796b0 wp-block-uagb-image--layout-default wp-block-uagb-image--effect-static wp-block-uagb-image--align-left\"><figure class=\"wp-block-uagb-image__figure\"><img decoding=\"async\" srcset=\"https:\/\/dottradeintelligence.com\/wp-content\/uploads\/2026\/03\/pexels-photo-9296985.jpeg ,https:\/\/dottradeintelligence.com\/wp-content\/uploads\/2026\/03\/pexels-photo-9296985.jpeg 780w, https:\/\/dottradeintelligence.com\/wp-content\/uploads\/2026\/03\/pexels-photo-9296985.jpeg 360w\" sizes=\"auto, (max-width: 480px) 150px\" src=\"https:\/\/dottradeintelligence.com\/wp-content\/uploads\/2026\/03\/pexels-photo-9296985.jpeg\" alt=\"A large container ship, the Ever Front, being guided by a tugboat in a busy seaport.\" class=\"uag-image-26\" width=\"373\" height=\"241\" title=\"services-02\" loading=\"lazy\" role=\"img\"\/><\/figure><\/div>\n\n\n\n<div class=\"wp-block-uagb-info-box uagb-block-6686281c uagb-infobox__content-wrap  uagb-infobox-icon-above-title uagb-infobox-image-valign-top\"><div class=\"uagb-ifb-content\"><div class=\"uagb-ifb-title-wrap\"><h3 class=\"uagb-ifb-title\">TAX INTELLIGENCE<\/h3><\/div><p class=\"uagb-ifb-desc\">We structure operations with a focus on reducing tax burden, leveraging special trade regimes, and driving real margin gains. More than simply importing, we help your company import intelligently.<\/p><div class=\"uagb-ifb-button-wrapper wp-block-button\"><a href=\"\/en\/services\/\" class=\"uagb-infobox-cta-link wp-block-button__link\" target=\"_self\" rel=\"noopener noreferrer\" onclick=\"return true;\"><span class=\"uagb-inline-editing\">Learn more<\/span><svg xmlns=\"https:\/\/www.w3.org\/2000\/svg\" viewbox=\"0 0 448 512\"><path d=\"M438.6 278.6l-160 160C272.4 444.9 264.2 448 256 448s-16.38-3.125-22.62-9.375c-12.5-12.5-12.5-32.75 0-45.25L338.8 288H32C14.33 288 .0016 273.7 .0016 256S14.33 224 32 224h306.8l-105.4-105.4c-12.5-12.5-12.5-32.75 0-45.25s32.75-12.5 45.25 0l160 160C451.1 245.9 451.1 266.1 438.6 278.6z\"><\/path><\/svg><\/a><\/div><\/div><\/div>\n<\/div>\n\n\n\n<div class=\"wp-block-uagb-container uagb-block-7677f05b\">\n<div class=\"wp-block-uagb-image alignleft uagb-block-f07b1160 wp-block-uagb-image--layout-default wp-block-uagb-image--effect-static wp-block-uagb-image--align-left\"><figure class=\"wp-block-uagb-image__figure\"><img decoding=\"async\" srcset=\"https:\/\/dottradeintelligence.com\/wp-content\/uploads\/2026\/03\/pexels-photo-11299377.jpeg ,https:\/\/dottradeintelligence.com\/wp-content\/uploads\/2026\/03\/pexels-photo-11299377.jpeg 780w\" sizes=\"auto, (max-width: 480px) 150px\" src=\"https:\/\/dottradeintelligence.com\/wp-content\/uploads\/2026\/03\/pexels-photo-11299377.jpeg\" alt=\"A cargo ship loaded with containers navigates the Panama Canal under clear skies.\" class=\"uag-image-27\" width=\"373\" height=\"241\" title=\"DOT - P\u00e1gina inicial\" loading=\"lazy\" role=\"img\"><\/figure><\/div>\n\n\n\n<div class=\"wp-block-uagb-info-box uagb-block-cc875ddf uagb-infobox__content-wrap  uagb-infobox-icon-above-title uagb-infobox-image-valign-top\"><div class=\"uagb-ifb-content\"><div class=\"uagb-ifb-title-wrap\"><h3 class=\"uagb-ifb-title\">LOGISTICS AND CUSTOMS PLANNING<\/h3><\/div><p class=\"uagb-ifb-desc\">We design more efficient operations from shipment to customs clearance, considering lead time, cost, and predictability. We coordinate the entire journey so your imports move with greater fluidity and less friction.<\/p><div class=\"uagb-ifb-button-wrapper wp-block-button\"><a href=\"\/en\/services\/\" class=\"uagb-infobox-cta-link wp-block-button__link\" target=\"_self\" rel=\"noopener noreferrer\" onclick=\"return true;\"><span class=\"uagb-inline-editing\">Learn more<\/span><svg xmlns=\"https:\/\/www.w3.org\/2000\/svg\" viewbox=\"0 0 448 512\"><path d=\"M438.6 278.6l-160 160C272.4 444.9 264.2 448 256 448s-16.38-3.125-22.62-9.375c-12.5-12.5-12.5-32.75 0-45.25L338.8 288H32C14.33 288 .0016 273.7 .0016 256S14.33 224 32 224h306.8l-105.4-105.4c-12.5-12.5-12.5-32.75 0-45.25s32.75-12.5 45.25 0l160 160C451.1 245.9 451.1 266.1 438.6 278.6z\"><\/path><\/svg><\/a><\/div><\/div><\/div>\n<\/div>\n<\/div>\n<\/div><\/div>\n\n\n\n<div class=\"wp-block-uagb-container uagb-block-0d5514fb alignfull uagb-is-root-container\"><div class=\"uagb-container-inner-blocks-wrap\">\n<div class=\"wp-block-uagb-advanced-heading uagb-block-f8dbcb64\"><h2 class=\"uagb-heading-text\">OUR EXPERTISE<\/h2><p class=\"uagb-desc-text\"><strong>Knowledge, strategy, and execution to elevate operations to the standards of global trade.<\/strong><\/p><\/div>\n\n\n\n<div class=\"wp-block-uagb-container uagb-block-978d94aa\">\n<div class=\"wp-block-uagb-container uagb-block-3800a1e1\">\n<div class=\"wp-block-uagb-image alignleft uagb-block-0bbf7953 wp-block-uagb-image--layout-default wp-block-uagb-image--effect-static wp-block-uagb-image--align-left\"><figure class=\"wp-block-uagb-image__figure\"><img decoding=\"async\" srcset=\"https:\/\/dottradeintelligence.com\/wp-content\/uploads\/2026\/03\/pexels-photo-7548828.jpeg ,https:\/\/dottradeintelligence.com\/wp-content\/uploads\/2026\/03\/pexels-photo-7548828.jpeg 780w, https:\/\/dottradeintelligence.com\/wp-content\/uploads\/2026\/03\/pexels-photo-7548828.jpeg 360w\" sizes=\"auto, (max-width: 480px) 150px\" src=\"https:\/\/dottradeintelligence.com\/wp-content\/uploads\/2026\/03\/pexels-photo-7548828.jpeg\" alt=\"Aerial shot of cargo ships docked at a harbor with cranes and containers.\" class=\"uag-image-28\" width=\"590\" height=\"500\" title=\"DOT - P\u00e1gina inicial\" loading=\"lazy\" role=\"img\"><\/figure><\/div>\n<\/div>\n\n\n\n<div class=\"wp-block-uagb-container uagb-block-fc041379\">\n<div class=\"wp-block-uagb-container uagb-block-9e6401b1\">\n<div class=\"wp-block-uagb-image alignleft uagb-block-1fc4370e wp-block-uagb-image--layout-default wp-block-uagb-image--effect-static wp-block-uagb-image--align-left\"><figure class=\"wp-block-uagb-image__figure\"><img decoding=\"async\" srcset=\"https:\/\/dottradeintelligence.com\/wp-content\/uploads\/2026\/03\/pexels-photo-14751274.jpeg ,https:\/\/dottradeintelligence.com\/wp-content\/uploads\/2026\/03\/pexels-photo-14751274.jpeg 780w, https:\/\/dottradeintelligence.com\/wp-content\/uploads\/2026\/03\/pexels-photo-14751274.jpeg 360w\" sizes=\"auto, (max-width: 480px) 150px\" src=\"https:\/\/dottradeintelligence.com\/wp-content\/uploads\/2026\/03\/pexels-photo-14751274.jpeg\" alt=\"Laptop displaying cryptocurrency stocks and graphs on a glass table with a notepad.\" class=\"uag-image-29\" width=\"590\" height=\"240\" title=\"DOT - P\u00e1gina inicial\" loading=\"lazy\" role=\"img\"><\/figure><\/div>\n<\/div>\n\n\n\n<div class=\"wp-block-uagb-container uagb-block-80e72510\">\n<div class=\"wp-block-uagb-image alignleft uagb-block-492180b4 wp-block-uagb-image--layout-default wp-block-uagb-image--effect-static wp-block-uagb-image--align-left\"><figure class=\"wp-block-uagb-image__figure\"><img decoding=\"async\" srcset=\"https:\/\/dottradeintelligence.com\/wp-content\/uploads\/2026\/03\/pexels-photo-1427107.jpeg ,https:\/\/dottradeintelligence.com\/wp-content\/uploads\/2026\/03\/pexels-photo-1427107.jpeg 780w, https:\/\/dottradeintelligence.com\/wp-content\/uploads\/2026\/03\/pexels-photo-1427107.jpeg 360w\" sizes=\"auto, (max-width: 480px) 150px\" src=\"https:\/\/dottradeintelligence.com\/wp-content\/uploads\/2026\/03\/pexels-photo-1427107.jpeg\" alt=\"Top view of colorful shipping containers at a bustling port in Jakarta, Indonesia.\" class=\"uag-image-30\" width=\"590\" height=\"240\" title=\"DOT - P\u00e1gina inicial\" loading=\"lazy\" role=\"img\"><\/figure><\/div>\n<\/div>\n<\/div>\n<\/div>\n<\/div><\/div>\n\n\n\n\n\n<div class=\"wp-block-uagb-container uagb-block-1fc9ebe2 alignfull uagb-is-root-container\"><div class=\"uagb-container-inner-blocks-wrap\">\n<div class=\"wp-block-uagb-info-box uagb-block-925f9c72 uagb-infobox__content-wrap  uagb-infobox-icon-above-title uagb-infobox-image-valign-top\"><div class=\"uagb-ifb-content\"><div class=\"uagb-ifb-title-wrap\"><h2 class=\"uagb-ifb-title\">Start your global journey<\/h2><\/div><p class=\"uagb-ifb-desc\">Find our the solutions tailored to your business.<\/p><div class=\"uagb-ifb-button-wrapper wp-block-button\"><a href=\"\/en\/contact\/\" class=\"uagb-infobox-cta-link wp-block-button__link\" target=\"_self\" rel=\"noopener noreferrer\" onclick=\"return true;\"><span class=\"uagb-inline-editing\">Learn more!<\/span><\/a><\/div><\/div><\/div>\n<\/div><\/div>","protected":false},"excerpt":{"rendered":"<p>solu\u00e7\u00f5es integradas para o com\u00e9rcio global nossa expertise Conhecimento, estrat\u00e9gia e execu\u00e7\u00e3o para elevar opera\u00e7\u00f5es ao padr\u00e3o do com\u00e9rcio global. [&hellip;]<\/p>\n","protected":false},"author":1,"featured_media":0,"parent":0,"menu_order":0,"comment_status":"closed","ping_status":"closed","template":"","meta":{"_uag_custom_page_level_css":"","site-sidebar-layout":"default","site-content-layout":"","ast-site-content-layout":"normal-width-container","site-content-style":"default","site-sidebar-style":"default","ast-global-header-display":"","ast-banner-title-visibility":"","ast-main-header-display":"","ast-hfb-above-header-display":"","ast-hfb-below-header-display":"","ast-hfb-mobile-header-display":"","site-post-title":"disabled","ast-breadcrumbs-content":"","ast-featured-img":"","footer-sml-layout":"","ast-disable-related-posts":"","theme-transparent-header-meta":"","adv-header-id-meta":"","stick-header-meta":"","header-above-stick-meta":"","header-main-stick-meta":"","header-below-stick-meta":"","astra-migrate-meta-layouts":"default","ast-page-background-enabled":"default","ast-page-background-meta":{"desktop":{"background-color":"var(--ast-global-color-4)","background-image":"","background-repeat":"repeat","background-position":"center center","background-size":"auto","background-attachment":"scroll","background-type":"","background-media":"","overlay-type":"","overlay-color":"","overlay-opacity":"","overlay-gradient":""},"tablet":{"background-color":"","background-image":"","background-repeat":"repeat","background-position":"center center","background-size":"auto","background-attachment":"scroll","background-type":"","background-media":"","overlay-type":"","overlay-color":"","overlay-opacity":"","overlay-gradient":""},"mobile":{"background-color":"","background-image":"","background-repeat":"repeat","background-position":"center center","background-size":"auto","background-attachment":"scroll","background-type":"","background-media":"","overlay-type":"","overlay-color":"","overlay-opacity":"","overlay-gradient":""}},"ast-content-background-meta":{"desktop":{"background-color":"var(--ast-global-color-5)","background-image":"","background-repeat":"repeat","background-position":"center center","background-size":"auto","background-attachment":"scroll","background-type":"","background-media":"","overlay-type":"","overlay-color":"","overlay-opacity":"","overlay-gradient":""},"tablet":{"background-color":"var(--ast-global-color-5)","background-image":"","background-repeat":"repeat","background-position":"center center","background-size":"auto","background-attachment":"scroll","background-type":"","background-media":"","overlay-type":"","overlay-color":"","overlay-opacity":"","overlay-gradient":""},"mobile":{"background-color":"var(--ast-global-color-5)","background-image":"","background-repeat":"repeat","background-position":"center center","background-size":"auto","background-attachment":"scroll","background-type":"","background-media":"","overlay-type":"","overlay-color":"","overlay-opacity":"","overlay-gradient":""}},"footnotes":""},"class_list":["post-1250","page","type-page","status-publish","hentry"],"uagb_featured_image_src":{"full":false,"thumbnail":false,"medium":false,"medium_large":false,"large":false,"1536x1536":false,"2048x2048":false,"trp-custom-language-flag":false},"uagb_author_info":{"display_name":"dottradeintelligence","author_link":"https:\/\/dottradeintelligence.com\/en\/author\/dottradeintelligence\/"},"uagb_comment_info":0,"uagb_excerpt":"solu\u00e7\u00f5es integradas para o com\u00e9rcio global nossa expertise Conhecimento, estrat\u00e9gia e execu\u00e7\u00e3o para elevar opera\u00e7\u00f5es ao padr\u00e3o do com\u00e9rcio global. [&hellip;]","_links":{"self":[{"href":"https:\/\/dottradeintelligence.com\/en\/wp-json\/wp\/v2\/pages\/1250","targetHints":{"allow":["GET"]}}],"collection":[{"href":"https:\/\/dottradeintelligence.com\/en\/wp-json\/wp\/v2\/pages"}],"about":[{"href":"https:\/\/dottradeintelligence.com\/en\/wp-json\/wp\/v2\/types\/page"}],"author":[{"embeddable":true,"href":"https:\/\/dottradeintelligence.com\/en\/wp-json\/wp\/v2\/users\/1"}],"replies":[{"embeddable":true,"href":"https:\/\/dottradeintelligence.com\/en\/wp-json\/wp\/v2\/comments?post=1250"}],"version-history":[{"count":22,"href":"https:\/\/dottradeintelligence.com\/en\/wp-json\/wp\/v2\/pages\/1250\/revisions"}],"predecessor-version":[{"id":1529,"href":"https:\/\/dottradeintelligence.com\/en\/wp-json\/wp\/v2\/pages\/1250\/revisions\/1529"}],"wp:attachment":[{"href":"https:\/\/dottradeintelligence.com\/en\/wp-json\/wp\/v2\/media?parent=1250"}],"curies":[{"name":"wp","href":"https:\/\/api.w.org\/{rel}","templated":true}]}}